{"id":5,"date":"2025-10-27T06:28:59","date_gmt":"2025-10-27T06:28:59","guid":{"rendered":"https:\/\/maymancau.com\/?page_id=5"},"modified":"2025-10-27T06:29:00","modified_gmt":"2025-10-27T06:29:00","slug":"5-2","status":"publish","type":"page","link":"https:\/\/maymancau.com\/","title":{"rendered":""},"content":{"rendered":"\n<h3 class=\"wp-block-heading\">V\u1ec1 ch\u00fang t\u00f4i B\u00daN \u0110\u1eacU TR\u00c0NG TI\u1ec0N<\/h3>\n\n\n\n<p>Ng\u01b0\u1eddi d\u00e2n S\u00e0i th\u00e0nh g\u1ea7n nh\u01b0 kh\u00f4ng c\u00f2n xa l\u1ea1 v\u1edbi m\u00f3n \u0103n b\u00fan \u0111\u1eadu m\u1eafm t\u00f4m, m\u00f3n \u0103n d\u01b0\u1eddng nh\u01b0 \u0111\u01b0\u1ee3c bi\u1ebft \u0111\u1ebfn gi\u1edd kh\u00f4ng ch\u1ec9 quanh qu\u1ea9n \u1edf v\u00f9ng qu\u00ea x\u1ee9 b\u1eafc m?hi\u1ec7n t\u1ea1i n\u00f3 \u0111\u00e3 \u0111\u01b0\u1ee3c lan r\u1ed9ng ra c\u00e1c ng\u00f5 ng\u00e1ch th\u00e0nh th\u1ecb, \u0111\u01b0\u1ee3c nh\u00e2n r\u1ed9ng nhanh ch\u00f3ng nh\u1eefng n\u0103m v\u1eeba qua v\u00ec c\u00e1i v\u1ecb \u0111\u1eb7c tr\u01b0ng \u0103n m\u1ed9t l\u1ea7n th\u00ec kh\u00f4ng th\u1ec3 qu\u00ean \u0111\u01b0\u1ee3c.<\/p>\n\n\n\n<p>Nguy\u00ean li\u1ec7u l\u00e0m B\u00fan \u0111\u1eadu m\u1eafm t\u00f4m<br>B\u00fan l\u00e1 1 \u00edt<br>(ho\u1eb7c b\u00fan t\u01b0\u01a1i lo\u1ea1i th\u01b0\u1eddng)<br>\u0110\u1eadu h\u0169 1 kg<br>Ph\u00e8o non 600 gr<br>(ru\u1ed9t non)<br>Gan 200 gr<br>Huy\u1ebft 100 gr<br>D\u1ea1 d\u00e0y 300 gr<br>(bao t\u1eed)<br>L\u01b0\u1ee1i heo 1 c\u00e1i<br>Th\u1ecbt heo 500 gr<br>(th\u1ecbt ch\u00e2n gi\u00f2n ho\u1eb7c th\u1ecbt ba ch\u1ec9)<br>Th\u1ecbt heo xay 300 gr<br>Khoai t\u00e2y 1 c\u1ee7<br>N\u1ea5m m\u00e8o 500 gr<br>\u1edat 2 tr\u00e1i<br>D\u01b0a leo 3 qu\u1ea3<br>Chanh 2 qu\u1ea3<br>Rau \u0103n k\u00e8m 1 \u00edt<br>(t\u00eda t\u00f4\/ h\u00fang qu\u1ebf\/ kinh gi\u1edbi\/ di\u1ebfp c\u00e1\/\u2026)<br>H\u00e0nh t\u00edm 4 c\u1ee7<br>T\u1ecfi 4 t\u00e9p<br>G\u1eebng 1 c\u1ee7<br>B\u00e1nh tr\u00e1ng r\u1ebf 15 c\u00e1i<br>M\u1eafm t\u00f4m 500 gr<br>Gi\u1ea5m 100 ml<br>D\u1ea7u \u0103n 500 ml<br>Gia v\u1ecb th\u00f4ng d\u1ee5ng 1 \u00edt<br>(\u0111\u01b0\u1eddng\/ mu\u1ed1i\/ b\u1ed9t ng\u1ecdt)<br>D\u1ee5ng c\u1ee5 th\u1ef1c hi\u1ec7n<br>C\u00e1ch ch\u1ecdn mua nguy\u00ean li\u1ec7u t\u01b0\u01a1i ngon<br>C\u00e1ch ch\u1ecdn mua ph\u00e8o non (ru\u1ed9t non) heo t\u01b0\u01a1i ngon<\/p>\n\n\n\n<p>\u0110\u1ec3 \u0111\u1ea3m b\u1ea3o \u0111\u01b0\u1ee3c ch\u1ea5t l\u01b0\u1ee3ng th\u00ec b\u1ea1n n\u00ean ch\u1ecdn ph\u1ea7n ph\u00e8o non c\u00f3 ph\u1ea7n \u1ed1ng ru\u1ed9t c\u0103ng v\u00e0 tr\u00f2n, m\u00e0u tr\u1eafng h\u1ed3ng t\u01b0\u01a1i v\u00e0 s\u00e1ng.<br>B\u1ea1n c\u00f3 th\u1ec3 ki\u1ec3m tra b\u1eb1ng c\u00e1ch b\u00f3p nh\u1eb9 th\u1eed, n\u1ebfu c\u00f3 ch\u1ea5t d\u1ecbch m\u00e0u tr\u1eafng s\u1eefa ch\u1ea3y ra, ng\u1eedi kh\u00f4ng c\u00f3 m\u00f9i l\u1ea1 th\u00ec m\u1edbi n\u00ean mua.<br>Tuy\u1ec7t \u0111\u1ed1i \u0111\u1eebng ch\u1ecdn mua nh\u1eefng ph\u1ea7n ph\u00e8o non c\u00f3 m\u00e0u tr\u1eafng b\u1ec7ch ho\u1eb7c th\u00e2m \u0111en, khi s\u1edd ch\u1ea3y nh\u1edbt v\u00e0 ng\u1eedi c\u00f3 m\u00f9i h\u00f4i.<br>C\u00e1ch ch\u1ecdn mua gan heo t\u01b0\u01a1i ngon, an to\u00e0n<\/p>\n\n\n\n<p>Nh\u1eefng mi\u1ebfng gan heo ngon th\u01b0\u1eddng c\u00f3 m\u00e0u \u0111\u1ecf s\u1eabm ho\u1eb7c t\u00edm, \u0111\u1ec1u m\u00e0u v\u00e0 khi s\u1edd c\u1ea3m nh\u1eadn \u0111\u01b0\u1ee3c t\u00ednh \u0111\u00e0n h\u1ed3i t\u1ed1t.<br>B\u1ea1n c\u00f3 th\u1ec3 ki\u1ec3m tra \u0111\u1ed9 t\u01b0\u01a1i c\u1ee7a gan b\u1eb1ng c\u00e1ch th\u1eed ch\u1ea1m tay v\u00e0o c\u00f3 c\u1ea3m gi\u00e1c ch\u1eafc, m\u01b0\u1ee3t m\u00e0 v\u00e0 kh\u00f4ng b\u1ecb nh\u1edbt hay c\u00f3 m\u00f9i l\u1ea1.<br>Tuy\u1ec7t \u0111\u1ed1i kh\u00f4ng ch\u1ecdn nh\u1eefng mi\u1ebfng b\u1ecb u h\u1ea1ch hay d\u1ecb t\u1eadt, c\u00f3 m\u00e0u tr\u1eafng t\u00e1i ho\u1eb7c nhi\u1ec1u v\u1ebft m\u00e1u t\u1ee5 b\u1ea5t th\u01b0\u1eddng.<br>C\u00e1ch ch\u1ecdn mua d\u1ea1 d\u00e0y (bao t\u1eed) heo t\u01b0\u01a1i ngon<\/p>\n\n\n\n<p>Nh\u1eefng ph\u1ea7n d\u1ea1 d\u00e0y (bao t\u1eed) heo ngon th\u01b0\u1eddng s\u1ebd c\u00f3 m\u00e0u h\u1ed3ng t\u01b0\u01a1i, b\u1ec1n m\u1eb7t tr\u01a1n nh\u1eb5n, kh\u00f4ng c\u00f3 v\u1ebft b\u1ea7m t\u00edm ho\u1eb7c c\u0103ng ph\u1ed3ng.<br>N\u00ean ch\u1ecdn nh\u1eefng mi\u1ebfng khi s\u1edd c\u1ea3m nh\u1eadn \u0111\u01b0\u1ee3c \u0111\u1ed9 \u0111\u00e0n h\u1ed3i t\u1ed1t, m\u1ec1m m\u1ea1i, b\u1ec1 m\u1eb7t kh\u00f4ng b\u1ecb l\u1ee3n c\u1ee3n hay nhi\u1ec1u u h\u1ea1ch b\u1ea5t th\u01b0\u1eddng.<br>B\u1ea1n n\u00ean h\u1ea1n ch\u1ebf mua nh\u1eefng mi\u1ebfng d\u1ea1 d\u00e0y \u0111\u00f4ng l\u1ea1nh v\u00ec th\u01b0\u1eddng ch\u00fang s\u1ebd m\u1ea5t \u0111i \u0111\u1ed9 gi\u00f2n, khi \u0103n s\u1ebd kh\u00f4ng \u0111\u01b0\u1ee3c ngon.<br>C\u00e1ch ch\u1ecdn mua l\u01b0\u1ee1i heo t\u01b0\u01a1i ngon<\/p>\n\n\n\n<p>B\u1ea1n n\u00ean ch\u1ecdn nh\u1eefng ph\u1ea7n l\u01b0\u1ee1i \u0111\u01b0\u1ee3c c\u00f3 kh\u00fac s\u00e1t cu\u1ed1ng h\u1ecdng m\u00e0u tr\u1eafng t\u01b0\u01a1i.<br>\u01afu ti\u00ean ch\u1ecdn nh\u1eefng mi\u1ebfng l\u01b0\u1ee1i heo khi ng\u1eedi c\u00f3 m\u00f9i \u0111\u1eb7c tr\u01b0ng, b\u1ec1 m\u1eb7t t\u01b0\u01a1i v\u00e0 khi s\u1edd c\u1ea3m nh\u1eadn \u0111\u01b0\u1ee3c \u0111\u1ed9 \u0111\u00e0n h\u1ed3i t\u1ed1t.<br>Tr\u00e1nh ch\u1ecdn nh\u1eefng chi\u1ebfc c\u00f3 m\u00e0u s\u1eafc tr\u1eafng b\u1ec7ch, c\u00f3 nhi\u1ec1u v\u1ebft b\u1ea7m t\u00edm ho\u1eb7c l\u1ee1 lo\u00e9t tr\u00ean b\u1ec1 m\u1eb7t.<br>C\u00e1ch ch\u1ecdn mua th\u1ecbt heo t\u01b0\u01a1i ngon<\/p>\n\n\n\n<p>Nh\u1eefng mi\u1ebfng th\u1ecbt heo t\u01b0\u01a1i ngon th\u01b0\u1eddng c\u00f3 ph\u1ea7n m\u1ee1 m\u00e0u tr\u1eafng \u0111\u1ee5c, ph\u1ea7n th\u1ecbt m\u00e0u \u0111\u1ecf t\u01b0\u01a1i v\u00e0 khi s\u1edd c\u1ea3m nh\u1eadn \u0111\u1ed9 \u0111\u00e0n h\u1ed3i t\u1ed1t.<br>\u01afu ti\u00ean ch\u1ecdn nh\u1eefng mi\u1ebfng c\u00f3 b\u1ec1 m\u1eb7t kh\u00f4 r\u00e1o, kh\u00f4ng b\u1ecb ch\u1ea3y nh\u1edbt v\u00e0 ph\u1ea7n th\u1edb th\u1ecbt r\u00f5 r\u00e0ng, \u0111an xen v\u00e0o nhau.<br>Tuy\u1ec7t \u0111\u1ed1i kh\u00f4ng ch\u1ecdn mi\u1ebfng \u0111\u00e3 \u0111\u1ec3 qu\u00e1 l\u00e2u, b\u1ec1 m\u1eb7t ch\u1ea3y nh\u1edbt v\u00e0 c\u00f3 m\u00e0u tr\u1eafng b\u1ec7ch, t\u00edm t\u00e1i.<br>C\u00e1ch ch\u1ebf bi\u1ebfn B\u00fan \u0111\u1eadu m\u1eafm t\u00f4m<br>1<br>S\u01a1 ch\u1ebf th\u1ecbt, l\u01b0\u1ee1i v\u00e0 b\u1ed9 l\u00f2ng heo<br>Gan, ph\u00e8o non, d\u1ea1 d\u00e0y heo sau khi mua v\u1ec1 th\u00ec r\u1eeda th\u1eadt s\u1ea1ch v\u1edbi nhi\u1ec1u l\u1ea7n n\u01b0\u1edbc. \u0110\u1ec3 kh\u1eed m\u00f9i h\u00f4i th\u00ec b\u1ea1n b\u00f3p ch\u00fang v\u1edbi gi\u1ea5m, chanh, mu\u1ed1i v\u00e0 r\u1eeda l\u1ea1i v\u1edbi n\u01b0\u1edbc th\u00eam nhi\u1ec1u l\u1ea7n cho s\u1ea1ch ho\u00e0n to\u00e0n.<\/p>\n\n\n\n<p>L\u01b0u \u00fd: \u0110\u1ed1i v\u1edbi b\u1ed9 l\u00f2ng heo b\u1ea1n c\u1ea7n ph\u1ea3i l\u00e0m s\u1ea1ch th\u1eadt k\u1ef9 c\u00e0ng tr\u01b0\u1edbc khi ch\u1ebf bi\u1ebfn \u0111\u1ec3 \u0111\u1ea3m v\u1ec7 sinh, an to\u00e0n. \u0110\u1ec3 r\u00f5 h\u01a1n v\u1ec1 chi ti\u1ebft c\u00e1c s\u01a1 ch\u1ebf b\u1ea1n c\u00f3 th\u1ec3 tham kh\u1ea3o trong c\u00e1c b\u00e0i vi\u1ebft d\u01b0\u1edbi.<br>C\u00e1ch s\u01a1 ch\u1ebf ph\u00e8o non heo:<\/p>\n\n\n\n<p>C\u00e1ch 1: D\u00f9ng h\u1ed7n h\u1ee3p b\u1ed9t m\u00ec v\u1edbi mu\u1ed1i \u0111\u1ec3 ch\u00e0 s\u00e1t b\u1ec1 m\u1eb7t ph\u00e8o non nhi\u1ec1u l\u1ea7n, sau \u0111\u00f3 r\u1eeda s\u1ea1ch v\u1edbi n\u01b0\u1edbc.<br>C\u00e1ch 2: S\u1eed d\u1ee5ng h\u1ed7n h\u1ee3p mu\u1ed1i h\u1ed9t v\u1edbi chanh, ch\u00e0 s\u00e1t b\u1ec1 m\u1eb7t nhi\u1ec1u l\u1ea7n r\u1ed3i r\u1eeda s\u1ea1ch v\u1edbi 2 &#8211; 3 l\u1ea7n n\u01b0\u1edbc.<br>C\u00e1ch 3: Ho\u1eb7c b\u1ea1n c\u0169ng c\u00f3 th\u1ec3 ch\u1ea7n s\u01a1 v\u1edbi n\u01b0\u1edbc s\u00f4i c\u00f3 pha m\u1ed9t x\u00edu gi\u1ea5m trong kho\u1ea3ng 5 ph\u00fat.<br>Xem chi ti\u1ebft: C\u00e1ch s\u01a1 ch\u1ebf ph\u00e8o non \u0111\u01a1n gi\u1ea3n, \u0111\u00fang c\u00e1ch<\/p>\n\n\n\n<p>C\u00e1ch s\u01a1 ch\u1ebf d\u1ea1 d\u00e0y heo:<\/p>\n\n\n\n<p>B\u01b0\u1edbc 1: B\u1ea1n l\u1ed9n tr\u00e1i bao t\u1eed heo r\u1ed3i \u0111\u1ec3 d\u01b0\u1edbi v\u00f2i n\u01b0\u1edbc r\u1eeda tr\u1ef1c ti\u1ebfp. L\u1ed9n tr\u00e1i r\u1eeda th\u00eam l\u1ea7n n\u1eefa cho th\u1eadt s\u1ea1ch.<br>B\u01b0\u1edbc 2: Ti\u1ebfp t\u1ee5c cho mu\u1ed1i l\u00ean b\u1ec1 m\u1eb7t v\u00e0 ch\u00e0 x\u00e1t \u0111\u1ec3 bao t\u1eed ra h\u1ebft nh\u1edbt. L\u00e0m t\u01b0\u01a1ng t\u1ef1 2 &#8211; 3 l\u1ea7n \u0111\u1ec3 bao t\u1eed th\u1eadt s\u1ea1ch v\u00e0 kh\u00f4ng c\u00f2n m\u00f9i h\u00f4i nh\u00e9!<br>B\u01b0\u1edbc 3: Ti\u1ebfp t\u1ee5c ch\u1ea7n bao t\u1eed heo qua n\u01b0\u1edbc s\u00f4i, th\u00eam m\u1ed9t x\u00edu mu\u1ed1i, gi\u1ea5m v\u00e0 r\u01b0\u1ee3u g\u1eebng.<br>B\u01b0\u1edbc 4: D\u00f9ng dao c\u1ea1o b\u1ecf nh\u1eefng m\u00e0ng tr\u1eafng b\u00e1m xung quanh bao t\u1eed. R\u1eeda l\u1ea1i l\u1ea7n n\u1eefa th\u1eadt s\u1ea1ch v\u00e0 \u0111\u1ec3 r\u00e1o.<br>Xem chi ti\u1ebft: C\u00e1ch l\u00e0m s\u1ea1ch bao t\u1eed heo kh\u00f4ng b\u1ecb h\u00f4i<\/p>\n\n\n\n<p>C\u00f2n l\u01b0\u1ee1i heo th\u00ec c\u0169ng r\u1eeda s\u1ea1ch, sau \u0111\u00f3 ch\u1ea7n qua n\u01b0\u1edbc s\u00f4i r\u1ed3i c\u1ea1o s\u1ea1ch ph\u1ea7n m\u00e0ng tr\u1eafng b\u1ecdc quanh l\u01b0\u1ee1i heo xong x\u1ea3 l\u1ea1i v\u1edbi n\u01b0\u1edbc l\u1ea1nh cho s\u1ea1ch h\u1eb3n.<\/p>\n\n\n\n<p>C\u00e1ch s\u01a1 ch\u1ebf l\u01b0\u1ee1i heo s\u1ea1ch:<br>C\u00e1ch 1: Ch\u1ea7n s\u01a1 l\u01b0\u1ee1i heo v\u1edbi m\u1ed9t \u00edt n\u01b0\u1edbc s\u00f4i c\u00f9ng v\u1edbi \u0111\u1ea7u h\u00e0nh tr\u1eafng v\u00e0 g\u1eebng c\u1eaft l\u00e1t kho\u1ea3ng 5 ph\u00fat xong c\u1ea1o s\u1ea1ch ph\u1ea7n m\u00e0ng tr\u1eafng.<br>C\u00e1ch 2: Ch\u00e0 l\u01b0\u1ee1i heo v\u1edbi mu\u1ed1i h\u1ea1t r\u1ed3i ch\u1ea7n l\u01b0\u1ee1i heo b\u1eb1ng n\u01b0\u1edbc s\u00f4i, d\u00f9ng dao c\u1ea1o s\u1ea1ch l\u1edbp m\u00e0ng tr\u1eafng b\u00ean ngo\u00e0i l\u01b0\u1ee1i.<br>C\u00e1ch 3: Ho\u1eb7c b\u1ea1n c\u00f3 th\u1ec3 s\u1eed d\u1ee5ng r\u01b0\u1ee3u \u0111\u1ec3 l\u00e0m s\u1ea1ch l\u01b0\u1ee1i heo, sau \u0111\u00f3 r\u1eeda s\u1ea1ch v\u1edbi n\u01b0\u1edbc.<br>Xem chi ti\u1ebft: C\u00e1ch l\u00e0m s\u1ea1ch l\u01b0\u1ee1i heo \u0111\u01a1n gi\u1ea3n, d\u1ec5 th\u1ef1c hi\u1ec7n<\/p>\n\n\n\n<p>\u0110\u1ec3 kh\u1eed m\u00f9i h\u00f4i c\u1ee7a th\u1ecbt heo th\u00ec b\u1ea1n ch\u00e0 s\u1ea1ch v\u1edbi mu\u1ed1i, \u0111\u1ec3 kho\u1ea3ng 5 ph\u00fat r\u1ed3i r\u1eeda s\u1ea1ch.<br>Lu\u1ed9c th\u1ecbt, l\u01b0\u1ee1i v\u00e0 b\u1ed9 l\u00f2ng heo<br>Sau \u0111\u00f3 khi \u0111\u00e3 s\u01a1 ch\u1ebf xong, b\u1ea1n l\u1ea7n l\u01b0\u1ee3t cho ph\u1ea7n gan, d\u1ea1 d\u00e0y, ph\u00e8o non v\u00e0o n\u1ed3i \u0111\u1ec3 lu\u1ed9c, ti\u1ebfp t\u1ee5c cho th\u00eam 1 th\u00eca c\u00e0 ph\u00ea mu\u1ed1i v\u00e0 1 nh\u00e1nh g\u1eebng \u0111\u1eadp d\u1eadp v\u00e0o \u0111\u1ec3 kh\u1eed m\u00f9i h\u00f4i. Sau khi gan, d\u1ea1 d\u00e0y, ph\u00e8o non ch\u00edn th\u00ec v\u1edbt ra \u0111\u1ec3 r\u00e1o.<\/p>\n\n\n\n<p>\u1ede m\u1ed9t n\u1ed3i kh\u00e1c th\u00ec b\u1ea1n cho th\u1ecbt v\u00e0 l\u01b0\u1ee1i v\u00e0o lu\u1ed9c v\u1edbi l\u1eeda v\u1eeba kho\u1ea3ng 30 &#8211; 40 ph\u00fat, \u0111\u1ebfn khi th\u1ecbt, l\u01b0\u1ee1i \u0111\u00e3 ch\u00edn th\u00ec v\u1edbt ra, l\u00fac n\u00e0y cho ph\u1ea7n huy\u1ebft v\u00e0o lu\u1ed9c s\u01a1 qua.<\/p>\n\n\n\n<p>B\u01b0\u1edbc 2 Lu\u1ed9c th\u1ecbt, l\u01b0\u1ee1i v\u00e0 b\u1ed9 l\u00f2ng heo B\u00fan \u0111\u1eadu m\u1eafm t\u00f4mB\u01b0\u1edbc 2 Lu\u1ed9c th\u1ecbt, l\u01b0\u1ee1i v\u00e0 b\u1ed9 l\u00f2ng heo B\u00fan \u0111\u1eadu m\u1eafm t\u00f4mB\u01b0\u1edbc 2 Lu\u1ed9c th\u1ecbt, l\u01b0\u1ee1i v\u00e0 b\u1ed9 l\u00f2ng heo B\u00fan \u0111\u1eadu m\u1eafm t\u00f4mB\u01b0\u1edbc 2 Lu\u1ed9c th\u1ecbt, l\u01b0\u1ee1i v\u00e0 b\u1ed9 l\u00f2ng heo B\u00fan \u0111\u1eadu m\u1eafm t\u00f4m<br>3<br>Chu\u1ea9n b\u1ecb c\u00e1c nguy\u00ean li\u1ec7u kh\u00e1c<br>\u0110\u1eadu h\u0169 b\u1ea1n c\u1eaft th\u00e0nh h\u00ecnh kh\u1ed1i vu\u00f4ng nh\u1ecf r\u1ed3i cho v\u00e0o ch\u1ea3o chi\u00ean v\u1edbi 150ml d\u1ea7u \u0103n \u0111\u1ebfn khi v\u00e0ng gi\u00f2n \u0111\u1ec1u c\u00e1c m\u1eb7t.<\/p>\n\n\n\n<p>C\u00e1c lo\u1ea1i rau \u0103n k\u00e8m nh\u01b0 t\u00eda t\u00f4, h\u00fang qu\u1ebf, di\u1ebfp c\u00e1,&#8230;th\u00ec l\u1eb7t b\u1ecf ph\u1ea7n l\u00e1 h\u01b0, g\u1ed1c ng\u1ecdn, r\u1eeda s\u1ea1ch r\u1ed3i cho v\u00e0o m\u00e2m. D\u01b0a leo r\u1eeda s\u1ea1ch, c\u1eaft l\u00e1t m\u1ecfng.<\/p>\n\n\n\n<p>G\u1ecdt b\u1ecf v\u1ecf c\u1ee7a 1 c\u1ee7 khoai t\u00e2y r\u1ed3i b\u0103m nhuy\u1ec5n. N\u1ea5m m\u00e8o ng\u00e2m n\u01b0\u1edbc cho n\u1edf r\u1ed3i c\u1eaft g\u1ed1c, r\u1eeda s\u1ea1ch xong b\u0103m nh\u1ecf. T\u1ecfi v\u00e0 h\u00e0nh t\u00ecm th\u00ec l\u1ed9t b\u1ecf v\u1ecf, \u1edbt b\u1ecf cu\u1ed1ng, t\u1ea5t c\u1ea3 \u0111em r\u1eeda s\u1ea1ch v\u00e0 b\u0103m nh\u1ecf.<\/p>\n\n\n\n<p>B\u01b0\u1edbc 3 Chu\u1ea9n b\u1ecb c\u00e1c nguy\u00ean li\u1ec7u kh\u00e1c B\u00fan \u0111\u1eadu m\u1eafm t\u00f4mB\u01b0\u1edbc 3 Chu\u1ea9n b\u1ecb c\u00e1c nguy\u00ean li\u1ec7u kh\u00e1c B\u00fan \u0111\u1eadu m\u1eafm t\u00f4mB\u01b0\u1edbc 3 Chu\u1ea9n b\u1ecb c\u00e1c nguy\u00ean li\u1ec7u kh\u00e1c B\u00fan \u0111\u1eadu m\u1eafm t\u00f4m<br>4<br>L\u00e0m ram th\u1ecbt chi\u00ean<br>\u0110\u1ec3 l\u00e0m ram chi\u00ean gi\u00f2n, b\u1ea1n cho v\u00e0o ch\u00e9n 300gr th\u1ecbt heo xay c\u00f9ng khoai t\u00e2y, n\u1ea5m m\u00e8o, 1\/2 ph\u1ea7n t\u1ecfi b\u0103m v\u00e0 h\u00e0nh t\u00edm b\u0103m nhuy\u1ec5n, \u01b0\u1edbp c\u00f9ng v\u1edbi 1 mu\u1ed7ng c\u00e0 ph\u00ea h\u1ea1t n\u00eam, 1 mu\u1ed7ng c\u00e0 ph\u00ea ti\u00eau xay. B\u1eadn tr\u1ed9n \u0111\u1ec1u v\u00e0 \u0111\u1ec3 \u01b0\u1edbp trong 15 ph\u00fat.<\/p>\n\n\n\n<p>Sau \u0111\u00f3, b\u1ea1n cho kho\u1ea3ng 1\/2 mu\u1ed7ng canh nh\u00e2n th\u1ecbt l\u00ean b\u00e1nh tr\u00e1ng r\u1ebf, c\u1ea9n th\u1eadn g\u1ea5p c\u00e1c m\u00e9p r\u1ed3i cu\u1ed9n tr\u00f2n l\u1ea1i.<\/p>\n\n\n\n<p>B\u1ea1n cho v\u00e0o ch\u1ea3o 350ml d\u1ea7u \u0103n, \u0111un cho d\u1ea7u s\u00f4i l\u0103n t\u0103n th\u00ec cho t\u1eebng cu\u1ed9n ram v\u00e0o r\u1ed3i chi\u00ean gi\u00f2n.<\/p>\n\n\n\n<p>M\u00e1ch b\u1ea1n: T\u00f9y theo kh\u1ea9u v\u1ecb \u1edf t\u1eebng n\u01a1i th\u00ec ngo\u00e0i ram th\u1ecbt chi\u00ean b\u1ea1n c\u00f3 th\u1ec3 tham kh\u1ea3o th\u00eam c\u00e1ch l\u00e0m ch\u1ea3 c\u1ed1m chi\u00ean \u0111\u1ec3 m\u1eb9t b\u00fan \u0111\u1eadu th\u00eam h\u1ea5p d\u1eabn, tr\u00f2n v\u1ecb.<br>Xem chi ti\u1ebft: C\u00e1ch l\u00e0m ch\u1ea3 c\u1ed1m th\u1ecbt b\u0103m th\u01a1m b\u00e9o h\u1ea5p d\u1eabn c\u1ef1c \u0111\u01a1n gi\u1ea3n t\u1ea1i nh\u00e0<\/p>\n\n\n\n<p>B\u01b0\u1edbc 4 L\u00e0m ram th\u1ecbt chi\u00ean B\u00fan \u0111\u1eadu m\u1eafm t\u00f4mB\u01b0\u1edbc 4 L\u00e0m ram th\u1ecbt chi\u00ean B\u00fan \u0111\u1eadu m\u1eafm t\u00f4mB\u01b0\u1edbc 4 L\u00e0m ram th\u1ecbt chi\u00ean B\u00fan \u0111\u1eadu m\u1eafm t\u00f4m<br>5<br>Pha m\u1eafm t\u00f4m<br>\u0110\u1ec3 pha m\u1eafm t\u00f4m th\u00ec b\u1ea1n l\u1ea7n l\u01b0\u1ee3t cho 1 \u00edt \u0111\u01b0\u1eddng \u0111\u01b0\u1eddng, 1 \u00edt b\u1ed9t ng\u1ecdt, 1\/2 ph\u1ea7n t\u1ecfi b\u0103m c\u00f2n l\u1ea1i v\u00e0 \u1edbt tr\u00e1i b\u0103m nh\u1ecf v\u00e0o tr\u1ed9n \u0111\u1ec1u. Ph\u1ea7n n\u00eam \u0111\u01b0\u1eddng v\u00e0 b\u1ed9t ng\u1ecdt c\u00f3 th\u1ec3 th\u00eam v\u00e0o t\u00f9y kh\u1ea9u v\u1ecb c\u1ee7a gia \u0111\u00ecnh b\u1ea1n nh\u00e9!<\/p>\n\n\n\n<p>Sau \u0111\u00f3 v\u1eaft chanh ho\u1eb7c t\u1eafc v\u00e0o \u0111\u00e1nh \u0111\u1ec1u \u0111\u1ebfn khi m\u1eafm t\u00f4m n\u1ed5i m\u1ed9t l\u1edbp b\u1ecdt tr\u1eafng l\u00ean l\u00e0 \u0111\u01b0\u1ee3c.<\/p>\n\n\n\n<p>B\u01b0\u1edbc 5 Pha m\u1eafm t\u00f4m B\u00fan \u0111\u1eadu m\u1eafm t\u00f4mB\u01b0\u1edbc 5 Pha m\u1eafm t\u00f4m B\u00fan \u0111\u1eadu m\u1eafm t\u00f4m<br>6<br>Ho\u00e0n th\u00e0nh<br>Th\u1ecbt lu\u1ed9c th\u00ec b\u1ea1n th\u00e1i mi\u1ebfng m\u1ecfng. L\u01b0\u1ee1i, gan, ph\u00e8o non, bao t\u1eed heo v\u00e0 huy\u1ebft th\u00ec c\u1eaft th\u00e0nh mi\u1ebfng d\u00e0y v\u1eeba \u0103n.<\/p>\n\n\n\n<p>Chu\u1ea9n b\u1ecb m\u1ed9t c\u00e1i m\u1eb9t ho\u1eb7c khay l\u1edbn, x\u1ebfp m\u1ed9t l\u1edbp l\u00e1 chu\u1ed1i l\u00ean r\u1ed3i l\u1ea7n l\u01b0\u1ee3t x\u1ebfp b\u00fan l\u00e1, l\u00f2ng heo, l\u01b0\u1ee1i heo, huy\u1ebft, \u0111\u1eadu h\u0169 chi\u00ean, th\u1ecbt lu\u1ed9c v\u00e0 ram th\u1ecbt l\u00ean tr\u00ean. Ti\u1ebfp \u0111\u00f3 cho ch\u00e9n m\u1eafm t\u00f4m th\u01a1m l\u1eebng v\u00e0o gi\u1eefa m\u1eb9t r\u1ed3i \u0111\u1eb7t th\u00eam m\u1ed9t \u00edt rau th\u01a1m v\u00e0 \u0103n leo \u0103n k\u00e8m n\u1eefa l\u00e0 ho\u00e0n th\u00e0nh.<\/p>\n\n\n\n<p>B\u01b0\u1edbc 6 Ho\u00e0n th\u00e0nh B\u00fan \u0111\u1eadu m\u1eafm t\u00f4mB\u01b0\u1edbc 6 Ho\u00e0n th\u00e0nh B\u00fan \u0111\u1eadu m\u1eafm t\u00f4m<br>7<br>Th\u00e0nh ph\u1ea9m<br>B\u00fan \u0111\u1eadu m\u1eafm t\u00f4m v\u1edbi m\u00e0u s\u1eafc b\u1eaft m\u1eaft, k\u1ebft h\u1ee3p h\u00e0i h\u00f2a nhi\u1ec1u lo\u1ea1i nguy\u00ean li\u1ec7u &#8220;\u0111\u1ea7y \u1ee5&#8221; t\u1ea1o c\u1ea3m gi\u00e1c tr\u00f2n \u0111\u1ea7y.<\/p>\n\n\n\n<p>M\u1eb9t b\u00fan \u0111\u1eadu tuy d\u00e2n d\u00e3 \u0111\u01a1n gi\u1ea3n nh\u01b0ng l\u1ea1i mang \u0111\u1ebfn cho b\u1ea1n m\u1ed9t m\u00f3n \u0103n v\u00f4 c\u00f9ng h\u1ea5p d\u1eabn, th\u01a1m ngon chu\u1ea9n v\u1ecb nh\u01b0 ngo\u00e0i h\u00e0ng l\u1ea1i gi\u00fap c\u1ea3 nh\u00e0 th\u00eam s\u1ef1 g\u1eafn k\u1ebft khi c\u00f9ng nhau qu\u00e2y qu\u1ea7n th\u01b0\u1edfng th\u1ee9c m\u1ed9t m\u00f3n \u0103n ngon mang \u0111\u1eadm n\u00e9t \u1ea9m th\u1ef1c Vi\u1ec7t Nam.<\/p>\n","protected":false},"excerpt":{"rendered":"<p>V\u1ec1 ch\u00fang t\u00f4i B\u00daN \u0110\u1eacU TR\u00c0NG TI\u1ec0N Ng\u01b0\u1eddi d\u00e2n S\u00e0i th\u00e0nh g\u1ea7n nh\u01b0 kh\u00f4ng c\u00f2n xa l\u1ea1 v\u1edbi m\u00f3n \u0103n b\u00fan \u0111\u1eadu m\u1eafm t\u00f4m, m\u00f3n \u0103n d\u01b0\u1eddng nh\u01b0 \u0111\u01b0\u1ee3c bi\u1ebft \u0111\u1ebfn gi\u1edd kh\u00f4ng ch\u1ec9 quanh qu\u1ea9n \u1edf v\u00f9ng qu\u00ea x\u1ee9 b\u1eafc m?hi\u1ec7n t\u1ea1i n\u00f3 \u0111\u00e3 \u0111\u01b0\u1ee3c lan r\u1ed9ng ra c\u00e1c ng\u00f5 ng\u00e1ch th\u00e0nh th\u1ecb, \u0111\u01b0\u1ee3c &#8230; <a title=\"\" class=\"read-more\" href=\"https:\/\/maymancau.com\/\" aria-label=\"\u0110\u1ecdc th\u00eam v\u1ec1 \">\u0110\u1ecdc ti\u1ebfp<\/a><\/p>\n","protected":false},"author":1,"featured_media":0,"parent":0,"menu_order":0,"comment_status":"closed","ping_status":"closed","template":"","meta":{"footnotes":""},"class_list":["post-5","page","type-page","status-publish"],"_links":{"self":[{"href":"https:\/\/maymancau.com\/index.php?rest_route=\/wp\/v2\/pages\/5","targetHints":{"allow":["GET"]}}],"collection":[{"href":"https:\/\/maymancau.com\/index.php?rest_route=\/wp\/v2\/pages"}],"about":[{"href":"https:\/\/maymancau.com\/index.php?rest_route=\/wp\/v2\/types\/page"}],"author":[{"embeddable":true,"href":"https:\/\/maymancau.com\/index.php?rest_route=\/wp\/v2\/users\/1"}],"replies":[{"embeddable":true,"href":"https:\/\/maymancau.com\/index.php?rest_route=%2Fwp%2Fv2%2Fcomments&post=5"}],"version-history":[{"count":1,"href":"https:\/\/maymancau.com\/index.php?rest_route=\/wp\/v2\/pages\/5\/revisions"}],"predecessor-version":[{"id":6,"href":"https:\/\/maymancau.com\/index.php?rest_route=\/wp\/v2\/pages\/5\/revisions\/6"}],"wp:attachment":[{"href":"https:\/\/maymancau.com\/index.php?rest_route=%2Fwp%2Fv2%2Fmedia&parent=5"}],"curies":[{"name":"wp","href":"https:\/\/api.w.org\/{rel}","templated":true}]}}